{"id":181,"date":"2019-12-12T19:30:34","date_gmt":"2019-12-12T18:30:34","guid":{"rendered":"https:\/\/osteopathiehamburg.de\/home\/?page_id=181"},"modified":"2020-02-03T20:33:04","modified_gmt":"2020-02-03T19:33:04","slug":"wiebke-tiede","status":"publish","type":"page","link":"https:\/\/osteopathiehamburg.de\/home\/wiebke-tiede\/","title":{"rendered":"WIEBKE TIEDE"},"content":{"rendered":"\t\t<div data-elementor-type=\"wp-page\" data-elementor-id=\"181\" class=\"elementor elementor-181\" data-elementor-post-type=\"page\">\n\t\t\t\t\t\t<section class=\"elementor-section elementor-top-section elementor-element elementor-element-6bd2984 elementor-section-boxed elementor-section-height-default elementor-section-height-default\" data-id=\"6bd2984\" data-element_type=\"section\" data-settings=\"{&quot;background_background&quot;:&quot;classic&quot;}\">\n\t\t\t\t\t\t<div class=\"elementor-container elementor-column-gap-default\">\n\t\t\t\t\t<div class=\"elementor-column elementor-col-100 elementor-top-column elementor-element elementor-element-96a8154\" data-id=\"96a8154\" data-element_type=\"column\">\n\t\t\t<div class=\"elementor-widget-wrap elementor-element-populated\">\n\t\t\t\t\t\t<div class=\"elementor-element elementor-element-6aa1278 elementor-widget elementor-widget-image\" data-id=\"6aa1278\" data-element_type=\"widget\" data-widget_type=\"image.default\">\n\t\t\t\t<div class=\"elementor-widget-container\">\n\t\t\t\t\t\t\t\t\t\t\t\t\t\t<a href=\"https:\/\/osteopathiehamburg.de\/home\">\n\t\t\t\t\t\t\t<img decoding=\"async\" width=\"200\" height=\"21\" src=\"https:\/\/osteopathiehamburg.de\/home\/wp-content\/uploads\/2019\/12\/ost_logo_kl.png\" class=\"attachment-large size-large wp-image-19\" alt=\"\" \/>\t\t\t\t\t\t\t\t<\/a>\n\t\t\t\t\t\t\t\t\t\t\t\t\t<\/div>\n\t\t\t\t<\/div>\n\t\t\t\t\t<\/div>\n\t\t<\/div>\n\t\t\t\t\t<\/div>\n\t\t<\/section>\n\t\t\t\t<section class=\"elementor-section elementor-top-section elementor-element elementor-element-be3c16b elementor-section-boxed elementor-section-height-default elementor-section-height-default\" data-id=\"be3c16b\" data-element_type=\"section\">\n\t\t\t\t\t\t<div class=\"elementor-container elementor-column-gap-default\">\n\t\t\t\t\t<div class=\"elementor-column elementor-col-100 elementor-top-column elementor-element elementor-element-5d869d0\" data-id=\"5d869d0\" data-element_type=\"column\">\n\t\t\t<div class=\"elementor-widget-wrap elementor-element-populated\">\n\t\t\t\t\t\t<section class=\"elementor-section elementor-inner-section elementor-element elementor-element-5f776d8 elementor-section-boxed elementor-section-height-default elementor-section-height-default\" data-id=\"5f776d8\" data-element_type=\"section\">\n\t\t\t\t\t\t<div class=\"elementor-container elementor-column-gap-default\">\n\t\t\t\t\t<div class=\"elementor-column elementor-col-100 elementor-inner-column elementor-element elementor-element-3234d3f\" data-id=\"3234d3f\" data-element_type=\"column\">\n\t\t\t<div class=\"elementor-widget-wrap elementor-element-populated\">\n\t\t\t\t\t\t<div class=\"elementor-element elementor-element-8c3951a elementor-widget elementor-widget-text-editor\" data-id=\"8c3951a\" data-element_type=\"widget\" data-widget_type=\"text-editor.default\">\n\t\t\t\t<div class=\"elementor-widget-container\">\n\t\t\t\t\t\t\t<p style=\"text-align: center;\">Wiebke Tiede<\/p>\t\t\t\t\t\t<\/div>\n\t\t\t\t<\/div>\n\t\t\t\t<div class=\"elementor-element elementor-element-ecd26eb elementor-widget elementor-widget-image\" data-id=\"ecd26eb\" data-element_type=\"widget\" data-widget_type=\"image.default\">\n\t\t\t\t<div class=\"elementor-widget-container\">\n\t\t\t\t\t\t\t\t\t\t\t\t\t<img fetchpriority=\"high\" decoding=\"async\" width=\"300\" height=\"200\" src=\"https:\/\/osteopathiehamburg.de\/home\/wp-content\/uploads\/2020\/02\/DSC_0153-300x200.jpg\" class=\"attachment-medium size-medium wp-image-351\" alt=\"\" srcset=\"https:\/\/osteopathiehamburg.de\/home\/wp-content\/uploads\/2020\/02\/DSC_0153-300x200.jpg 300w, https:\/\/osteopathiehamburg.de\/home\/wp-content\/uploads\/2020\/02\/DSC_0153-1024x683.jpg 1024w, https:\/\/osteopathiehamburg.de\/home\/wp-content\/uploads\/2020\/02\/DSC_0153-768x512.jpg 768w, https:\/\/osteopathiehamburg.de\/home\/wp-content\/uploads\/2020\/02\/DSC_0153-1536x1024.jpg 1536w, https:\/\/osteopathiehamburg.de\/home\/wp-content\/uploads\/2020\/02\/DSC_0153-2048x1365.jpg 2048w\" sizes=\"(max-width: 300px) 100vw, 300px\" \/>\t\t\t\t\t\t\t\t\t\t\t\t\t<\/div>\n\t\t\t\t<\/div>\n\t\t\t\t<div class=\"elementor-element elementor-element-1175efb elementor-widget elementor-widget-text-editor\" data-id=\"1175efb\" data-element_type=\"widget\" data-widget_type=\"text-editor.default\">\n\t\t\t\t<div class=\"elementor-widget-container\">\n\t\t\t\t\t\t\t<p style=\"text-align: center;\">Heilpraktikerin<br>Osteopathie<\/p>\t\t\t\t\t\t<\/div>\n\t\t\t\t<\/div>\n\t\t\t\t<div class=\"elementor-element elementor-element-1410307 elementor-widget-divider--view-line elementor-widget elementor-widget-divider\" data-id=\"1410307\" data-element_type=\"widget\" data-widget_type=\"divider.default\">\n\t\t\t\t<div class=\"elementor-widget-container\">\n\t\t\t\t\t<div class=\"elementor-divider\">\n\t\t\t<span class=\"elementor-divider-separator\">\n\t\t\t\t\t\t<\/span>\n\t\t<\/div>\n\t\t\t\t<\/div>\n\t\t\t\t<\/div>\n\t\t\t\t\t<\/div>\n\t\t<\/div>\n\t\t\t\t\t<\/div>\n\t\t<\/section>\n\t\t\t\t<section class=\"elementor-section elementor-inner-section elementor-element elementor-element-c7a0a1e elementor-section-boxed elementor-section-height-default elementor-section-height-default\" data-id=\"c7a0a1e\" data-element_type=\"section\">\n\t\t\t\t\t\t<div class=\"elementor-container elementor-column-gap-default\">\n\t\t\t\t\t<div class=\"elementor-column elementor-col-100 elementor-inner-column elementor-element elementor-element-8fbbe04\" data-id=\"8fbbe04\" data-element_type=\"column\">\n\t\t\t<div class=\"elementor-widget-wrap elementor-element-populated\">\n\t\t\t\t\t\t<div class=\"elementor-element elementor-element-344a929 elementor-widget elementor-widget-text-editor\" data-id=\"344a929\" data-element_type=\"widget\" data-widget_type=\"text-editor.default\">\n\t\t\t\t<div class=\"elementor-widget-container\">\n\t\t\t\t\t\t\t<table style=\"height: 99px; margin-left: auto; margin-right: auto;\" border=\"1\"><tbody><tr><td>2011<\/td><td>Heilpraktikerin Zulassung<\/td><\/tr><tr><td>2001 \u2013 2006<\/td><td>Osteopathieausbildung College Sutherland, Hamburg<\/td><\/tr><tr><td>1990<\/td><td>Staatl. Anerkennung als Physiotherapeutin<\/td><\/tr><\/tbody><\/table><h4 style=\"text-align: center;\">Zusatzqualifikation:<\/h4><ul><li>\u00a0Ausbildung Faszientechnik \u2013 Faszium<\/li><li>Seminare f\u00fcr Osteopathie in der Gyn\u00e4kologie<\/li><li>Ausbildung BLT ( Balance-Ligamentes-Tension, Sutherland)<\/li><li>Ausbildung &#8220; Biodynamische Osteopathie&#8220; seit 2013<\/li><li>Regelm\u00e4\u00dfige Seminare am SCC, London<\/li><li>Seminar bei J-P Barral: Faszienbehandlung und peritonale Crosspoints<\/li><li>3- j\u00e4hrige Kinderosteopathieausbildung im Osteopathischen Zentrum f\u00fcr Kinder, Berlin,<\/li><li>Regelm\u00e4\u00dfige Teilnahme an Kongressen und Workshops sowie praxisinternen Fortbildungen.<\/li><\/ul>\t\t\t\t\t\t<\/div>\n\t\t\t\t<\/div>\n\t\t\t\t\t<\/div>\n\t\t<\/div>\n\t\t\t\t\t<\/div>\n\t\t<\/section>\n\t\t\t\t<div class=\"elementor-element elementor-element-03d7640 elementor-widget-divider--view-line elementor-widget elementor-widget-divider\" data-id=\"03d7640\" data-element_type=\"widget\" data-widget_type=\"divider.default\">\n\t\t\t\t<div class=\"elementor-widget-container\">\n\t\t\t\t\t<div class=\"elementor-divider\">\n\t\t\t<span class=\"elementor-divider-separator\">\n\t\t\t\t\t\t<\/span>\n\t\t<\/div>\n\t\t\t\t<\/div>\n\t\t\t\t<\/div>\n\t\t\t\t\t<\/div>\n\t\t<\/div>\n\t\t\t\t\t<\/div>\n\t\t<\/section>\n\t\t\t\t<\/div>\n\t\t","protected":false},"excerpt":{"rendered":"<p>Wiebke Tiede HeilpraktikerinOsteopathie 2011 Heilpraktikerin Zulassung 2001 \u2013 2006 Osteopathieausbildung College Sutherland, Hamburg 1990 Staatl. Anerkennung als Physiotherapeutin Zusatzqualifikation: \u00a0Ausbildung Faszientechnik \u2013 Faszium Seminare f\u00fcr Osteopathie in der Gyn\u00e4kologie Ausbildung BLT ( Balance-Ligamentes-Tension, Sutherland) Ausbildung &#8220; Biodynamische Osteopathie&#8220; seit 2013 Regelm\u00e4\u00dfige Seminare am SCC, London Seminar bei J-P Barral: Faszienbehandlung und peritonale Crosspoints 3- j\u00e4hrige [&hellip;]<\/p>\n","protected":false},"author":1,"featured_media":0,"parent":0,"menu_order":0,"comment_status":"closed","ping_status":"closed","template":"elementor_canvas","meta":{"footnotes":""},"class_list":["post-181","page","type-page","status-publish","hentry"],"_links":{"self":[{"href":"https:\/\/osteopathiehamburg.de\/home\/wp-json\/wp\/v2\/pages\/181"}],"collection":[{"href":"https:\/\/osteopathiehamburg.de\/home\/wp-json\/wp\/v2\/pages"}],"about":[{"href":"https:\/\/osteopathiehamburg.de\/home\/wp-json\/wp\/v2\/types\/page"}],"author":[{"embeddable":true,"href":"https:\/\/osteopathiehamburg.de\/home\/wp-json\/wp\/v2\/users\/1"}],"replies":[{"embeddable":true,"href":"https:\/\/osteopathiehamburg.de\/home\/wp-json\/wp\/v2\/comments?post=181"}],"version-history":[{"count":7,"href":"https:\/\/osteopathiehamburg.de\/home\/wp-json\/wp\/v2\/pages\/181\/revisions"}],"predecessor-version":[{"id":352,"href":"https:\/\/osteopathiehamburg.de\/home\/wp-json\/wp\/v2\/pages\/181\/revisions\/352"}],"wp:attachment":[{"href":"https:\/\/osteopathiehamburg.de\/home\/wp-json\/wp\/v2\/media?parent=181"}],"curies":[{"name":"wp","href":"https:\/\/api.w.org\/{rel}","templated":true}]}}