{"id":160,"date":"2019-12-12T17:52:27","date_gmt":"2019-12-12T16:52:27","guid":{"rendered":"https:\/\/osteopathiehamburg.de\/home\/?page_id=160"},"modified":"2024-04-28T20:34:10","modified_gmt":"2024-04-28T18:34:10","slug":"frank-lemke","status":"publish","type":"page","link":"https:\/\/osteopathiehamburg.de\/home\/frank-lemke\/","title":{"rendered":"FRANK LEMKE"},"content":{"rendered":"\t\t<div data-elementor-type=\"wp-page\" data-elementor-id=\"160\" class=\"elementor elementor-160\" data-elementor-post-type=\"page\">\n\t\t\t\t\t\t<section class=\"elementor-section elementor-top-section elementor-element elementor-element-956230a elementor-section-boxed elementor-section-height-default elementor-section-height-default\" data-id=\"956230a\" data-element_type=\"section\" data-settings=\"{&quot;background_background&quot;:&quot;classic&quot;}\">\n\t\t\t\t\t\t<div class=\"elementor-container elementor-column-gap-default\">\n\t\t\t\t\t<div class=\"elementor-column elementor-col-100 elementor-top-column elementor-element elementor-element-f266b2b\" data-id=\"f266b2b\" data-element_type=\"column\">\n\t\t\t<div class=\"elementor-widget-wrap elementor-element-populated\">\n\t\t\t\t\t\t<div class=\"elementor-element elementor-element-f00375a elementor-widget elementor-widget-image\" data-id=\"f00375a\" data-element_type=\"widget\" data-widget_type=\"image.default\">\n\t\t\t\t<div class=\"elementor-widget-container\">\n\t\t\t\t\t\t\t\t\t\t\t\t\t\t<a href=\"https:\/\/osteopathiehamburg.de\/home\/\">\n\t\t\t\t\t\t\t<img decoding=\"async\" width=\"200\" height=\"21\" src=\"https:\/\/osteopathiehamburg.de\/home\/wp-content\/uploads\/2019\/12\/ost_logo_kl.png\" class=\"attachment-large size-large wp-image-19\" alt=\"\" \/>\t\t\t\t\t\t\t\t<\/a>\n\t\t\t\t\t\t\t\t\t\t\t\t\t<\/div>\n\t\t\t\t<\/div>\n\t\t\t\t\t<\/div>\n\t\t<\/div>\n\t\t\t\t\t<\/div>\n\t\t<\/section>\n\t\t\t\t<section class=\"elementor-section elementor-top-section elementor-element elementor-element-be3c16b elementor-section-boxed elementor-section-height-default elementor-section-height-default\" data-id=\"be3c16b\" data-element_type=\"section\">\n\t\t\t\t\t\t<div class=\"elementor-container elementor-column-gap-default\">\n\t\t\t\t\t<div class=\"elementor-column elementor-col-100 elementor-top-column elementor-element elementor-element-5d869d0\" data-id=\"5d869d0\" data-element_type=\"column\" data-settings=\"{&quot;background_background&quot;:&quot;classic&quot;}\">\n\t\t\t<div class=\"elementor-widget-wrap elementor-element-populated\">\n\t\t\t\t\t\t<section class=\"elementor-section elementor-inner-section elementor-element elementor-element-5f776d8 elementor-section-boxed elementor-section-height-default elementor-section-height-default\" data-id=\"5f776d8\" data-element_type=\"section\">\n\t\t\t\t\t\t<div class=\"elementor-container elementor-column-gap-default\">\n\t\t\t\t\t<div class=\"elementor-column elementor-col-100 elementor-inner-column elementor-element elementor-element-3234d3f\" data-id=\"3234d3f\" data-element_type=\"column\">\n\t\t\t<div class=\"elementor-widget-wrap elementor-element-populated\">\n\t\t\t\t\t\t<div class=\"elementor-element elementor-element-8c3951a elementor-widget elementor-widget-text-editor\" data-id=\"8c3951a\" data-element_type=\"widget\" data-widget_type=\"text-editor.default\">\n\t\t\t\t<div class=\"elementor-widget-container\">\n\t\t\t\t\t\t\t<p style=\"text-align: center;\">FRANK LEMKE<br \/><br \/><\/p>\t\t\t\t\t\t<\/div>\n\t\t\t\t<\/div>\n\t\t\t\t<div class=\"elementor-element elementor-element-ecd26eb elementor-widget elementor-widget-image\" data-id=\"ecd26eb\" data-element_type=\"widget\" data-widget_type=\"image.default\">\n\t\t\t\t<div class=\"elementor-widget-container\">\n\t\t\t\t\t\t\t\t\t\t\t\t\t<img fetchpriority=\"high\" decoding=\"async\" width=\"300\" height=\"200\" src=\"https:\/\/osteopathiehamburg.de\/home\/wp-content\/uploads\/2023\/11\/FSA_0073-300x200.jpg\" class=\"attachment-medium size-medium wp-image-451\" alt=\"\" srcset=\"https:\/\/osteopathiehamburg.de\/home\/wp-content\/uploads\/2023\/11\/FSA_0073-300x200.jpg 300w, https:\/\/osteopathiehamburg.de\/home\/wp-content\/uploads\/2023\/11\/FSA_0073-1024x683.jpg 1024w, https:\/\/osteopathiehamburg.de\/home\/wp-content\/uploads\/2023\/11\/FSA_0073-768x512.jpg 768w, https:\/\/osteopathiehamburg.de\/home\/wp-content\/uploads\/2023\/11\/FSA_0073-1536x1024.jpg 1536w, https:\/\/osteopathiehamburg.de\/home\/wp-content\/uploads\/2023\/11\/FSA_0073-2048x1365.jpg 2048w\" sizes=\"(max-width: 300px) 100vw, 300px\" \/>\t\t\t\t\t\t\t\t\t\t\t\t\t<\/div>\n\t\t\t\t<\/div>\n\t\t\t\t<div class=\"elementor-element elementor-element-1175efb elementor-widget elementor-widget-text-editor\" data-id=\"1175efb\" data-element_type=\"widget\" data-widget_type=\"text-editor.default\">\n\t\t\t\t<div class=\"elementor-widget-container\">\n\t\t\t\t\t\t\t<p style=\"text-align: center;\">Heilpraktiker<br \/>Osteopathie<\/p>\t\t\t\t\t\t<\/div>\n\t\t\t\t<\/div>\n\t\t\t\t<div class=\"elementor-element elementor-element-1410307 elementor-widget-divider--view-line elementor-widget elementor-widget-divider\" data-id=\"1410307\" data-element_type=\"widget\" data-widget_type=\"divider.default\">\n\t\t\t\t<div class=\"elementor-widget-container\">\n\t\t\t\t\t<div class=\"elementor-divider\">\n\t\t\t<span class=\"elementor-divider-separator\">\n\t\t\t\t\t\t<\/span>\n\t\t<\/div>\n\t\t\t\t<\/div>\n\t\t\t\t<\/div>\n\t\t\t\t\t<\/div>\n\t\t<\/div>\n\t\t\t\t\t<\/div>\n\t\t<\/section>\n\t\t\t\t<section class=\"elementor-section elementor-inner-section elementor-element elementor-element-c7a0a1e elementor-section-boxed elementor-section-height-default elementor-section-height-default\" data-id=\"c7a0a1e\" data-element_type=\"section\">\n\t\t\t\t\t\t<div class=\"elementor-container elementor-column-gap-default\">\n\t\t\t\t\t<div class=\"elementor-column elementor-col-100 elementor-inner-column elementor-element elementor-element-8fbbe04\" data-id=\"8fbbe04\" data-element_type=\"column\">\n\t\t\t<div class=\"elementor-widget-wrap elementor-element-populated\">\n\t\t\t\t\t\t<div class=\"elementor-element elementor-element-63f8cae elementor-widget elementor-widget-text-editor\" data-id=\"63f8cae\" data-element_type=\"widget\" data-widget_type=\"text-editor.default\">\n\t\t\t\t<div class=\"elementor-widget-container\">\n\t\t\t\t\t\t\t<table><tbody><tr><td width=\"90\">2019<\/td><td width=\"445\">Eigene Praxis \u201eOsteopathie Hamburg\u201c Hamburg-Uhlenhorst<\/td><\/tr><tr><td width=\"90\">2009 &#8211; 2019<\/td><td width=\"445\">Eigene Praxis \u201eOsteopathie Hamburg\u201c Hamburg-Hohenfelde<\/td><\/tr><tr><td width=\"90\">2008<\/td><td width=\"445\">Heilpraktiker Zulassung<\/td><\/tr><tr><td width=\"90\">1997 \u2013 2002<\/td><td width=\"445\">Osteopathieausbildung SKOM, Hamburg<\/td><\/tr><tr><td width=\"90\">1999 \u2013 2009<\/td><td width=\"445\">Eigene Praxis \u201ePhysiotherapie im Hofweg\u201c Hamburg Uhlenhorst<\/td><\/tr><tr><td width=\"90\">1995<\/td><td width=\"445\">Staatl. Anerkennung als Physiotherapeut<\/td><\/tr><\/tbody><\/table><p><strong>\u00a0<\/strong><\/p><p><strong>Zusatzqualifikation:<\/strong><\/p><ul><li style=\"list-style-type: none;\"><ul><li>Spezielle Zertifizierung f\u00fcr die Behandlung von S\u00e4uglingen, Kleinkindern und Kindern VOD e.V.<\/li><li>St\u00e4rkung der Hom\u00f6ostase- Behandlungskonzept f\u00fcr Patient*innen mit Post- \/ Long-Covid Syndrom<\/li><li>Dynamik der Gedanken: Eine osteopathische Ann\u00e4herung an die Psychosomatik<\/li><li>Biodynamische P\u00e4diatrie 2016-2020, Osteopathische Kinder-Stiftung, Kassel<\/li><li>Biodynamische Osteopathie, OZK Berlin<\/li><li>Biodynamische P\u00e4diatrie, OZK Berlin<\/li><li>Seminar bei J-P Barral: Faszienbehandlung und peritonale Crosspoints<\/li><li>Seminare zur Behandlung funktioneller Stimmst\u00f6rungen bei Jacob Liebermann, London<\/li><li>3- j\u00e4hrige Kinderosteopathieausbildung im Osteopathischen Zentrum f\u00fcr Kinder, Berlin<\/li><li>Fluida, OZK Berlin<\/li><li>Regelm\u00e4\u00dfige Teilnahme an Kongressen und Workshops sowie praxisinterne Fortbildungen<\/li><\/ul><\/li><\/ul>\t\t\t\t\t\t<\/div>\n\t\t\t\t<\/div>\n\t\t\t\t\t<\/div>\n\t\t<\/div>\n\t\t\t\t\t<\/div>\n\t\t<\/section>\n\t\t\t\t<div class=\"elementor-element elementor-element-03d7640 elementor-widget-divider--view-line elementor-widget elementor-widget-divider\" data-id=\"03d7640\" data-element_type=\"widget\" data-widget_type=\"divider.default\">\n\t\t\t\t<div class=\"elementor-widget-container\">\n\t\t\t\t\t<div class=\"elementor-divider\">\n\t\t\t<span class=\"elementor-divider-separator\">\n\t\t\t\t\t\t<\/span>\n\t\t<\/div>\n\t\t\t\t<\/div>\n\t\t\t\t<\/div>\n\t\t\t\t\t<\/div>\n\t\t<\/div>\n\t\t\t\t\t<\/div>\n\t\t<\/section>\n\t\t\t\t<\/div>\n\t\t","protected":false},"excerpt":{"rendered":"<p>FRANK LEMKE HeilpraktikerOsteopathie 2019 Eigene Praxis \u201eOsteopathie Hamburg\u201c Hamburg-Uhlenhorst 2009 &#8211; 2019 Eigene Praxis \u201eOsteopathie Hamburg\u201c Hamburg-Hohenfelde 2008 Heilpraktiker Zulassung 1997 \u2013 2002 Osteopathieausbildung SKOM, Hamburg 1999 \u2013 2009 Eigene Praxis \u201ePhysiotherapie im Hofweg\u201c Hamburg Uhlenhorst 1995 Staatl. Anerkennung als Physiotherapeut \u00a0 Zusatzqualifikation: Spezielle Zertifizierung f\u00fcr die Behandlung von S\u00e4uglingen, Kleinkindern und Kindern VOD e.V. [&hellip;]<\/p>\n","protected":false},"author":1,"featured_media":0,"parent":0,"menu_order":0,"comment_status":"closed","ping_status":"closed","template":"elementor_canvas","meta":{"footnotes":""},"class_list":["post-160","page","type-page","status-publish","hentry"],"_links":{"self":[{"href":"https:\/\/osteopathiehamburg.de\/home\/wp-json\/wp\/v2\/pages\/160"}],"collection":[{"href":"https:\/\/osteopathiehamburg.de\/home\/wp-json\/wp\/v2\/pages"}],"about":[{"href":"https:\/\/osteopathiehamburg.de\/home\/wp-json\/wp\/v2\/types\/page"}],"author":[{"embeddable":true,"href":"https:\/\/osteopathiehamburg.de\/home\/wp-json\/wp\/v2\/users\/1"}],"replies":[{"embeddable":true,"href":"https:\/\/osteopathiehamburg.de\/home\/wp-json\/wp\/v2\/comments?post=160"}],"version-history":[{"count":37,"href":"https:\/\/osteopathiehamburg.de\/home\/wp-json\/wp\/v2\/pages\/160\/revisions"}],"predecessor-version":[{"id":480,"href":"https:\/\/osteopathiehamburg.de\/home\/wp-json\/wp\/v2\/pages\/160\/revisions\/480"}],"wp:attachment":[{"href":"https:\/\/osteopathiehamburg.de\/home\/wp-json\/wp\/v2\/media?parent=160"}],"curies":[{"name":"wp","href":"https:\/\/api.w.org\/{rel}","templated":true}]}}